{"id":7162,"date":"2022-08-02T13:34:33","date_gmt":"2022-08-02T13:34:33","guid":{"rendered":"https:\/\/www.zwartbeeld.nl\/nwz\/?post_type=product&#038;p=7162"},"modified":"2022-09-06T12:59:52","modified_gmt":"2022-09-06T12:59:52","slug":"office-2021-professional-plus","status":"publish","type":"product","link":"https:\/\/www.zwartbeeld.nl\/nwz\/office-2021-professional-plus\/","title":{"rendered":"Office 2021 Professional Plus"},"content":{"rendered":"<h3>Office 2021 Professional Plus nieuwe feature<\/h3>\n<p><strong>Microsoft heeft in Office 2021<\/strong> tientallen nieuwe features toegevoegd. Dit is de beste optie voor gebruikers die Office op \u00e9\u00e9n computer willen gebruiken en geen abonnement willen.<\/p>\n","protected":false},"excerpt":{"rendered":"<p>Office 2021 Professional Plus is de beste optie voor mensen die Office op \u00e9\u00e9n computer willen gebruiken en geen abonnement willen. Deze licentie is levenslang geldig voor \u00e9\u00e9n PC.<br \/>\nMicrosoft Office 2021 Pro voor Windows bevat de volgende programma\u2019s:<\/p>\n<ul>\n<li>Word<\/li>\n<li>Excel<\/li>\n<li>Teams<\/li>\n<li>OneNote<\/li>\n<li>PowerPoint<\/li>\n<li>Outlook<\/li>\n<li>Access<\/li>\n<li>Publisher<\/li>\n<\/ul>\n<p>Na het afronden van de bestelling krijgt u de Microsoft Office 2021 Professional Plus licentiecode digitaal in een e-mail. U kunt de software vervolgens downloaden via de <a href=\"https:\/\/setup.office.com\/\" target=\"_blank\" rel=\"noopener\">website<\/a> van Microsoft. Ook kunnen wij de installatie voor u uitvoeren. Maak dan even een afspraak via telefoonnummer 072-220 8212. <strong>Let op: deze licentiecode werkt alleen op Windows 10 en 11 systemen en hoeft niet verlengd te worden! Deze licentiecode kan gebruikt worden voor \u00e9\u00e9n eenmalige activatie.<\/strong><\/p>\n","protected":false},"featured_media":7193,"comment_status":"open","ping_status":"closed","template":"","meta":[],"product_brand":[],"product_cat":[51],"product_tag":[194,190,191,192,193,196,195,197,198,203,202,199,200,205,124,142,216,201,206,204,218,213,217,211,219,207,229,230,212,214,209,231,210,232,215,208],"class_list":{"0":"post-7162","1":"product","2":"type-product","3":"status-publish","4":"has-post-thumbnail","6":"product_cat-software","7":"product_tag-betaalbare-key-office-2021","8":"product_tag-cd-key-office-2021","9":"product_tag-office-2021","10":"product_tag-office-2021-download","11":"product_tag-office-2021-goedkope-cd-key","12":"product_tag-office-2021-goedkope-cdkey","13":"product_tag-office-2021-goedkope-licentie","14":"product_tag-office-2021-licentie","15":"product_tag-office-2021-microsoft","16":"product_tag-office-2021-online-cd-key","17":"product_tag-office-2021-online-cdkey","18":"product_tag-office-2021-pp","19":"product_tag-office-2021-pp-online-licentie","20":"product_tag-office-2021-professional","21":"product_tag-office-2021-professional-plus","22":"product_tag-office-2021-professional-plus-eenmalige-aanschaf","23":"product_tag-office-2021-professional-plus-cd-key","24":"product_tag-office-2021-professional-plus-download","25":"product_tag-office-2021-professional-plus-licentie","26":"product_tag-office-acces-2021","27":"product_tag-office-access","28":"product_tag-office-excel","29":"product_tag-office-excel-2021","30":"product_tag-office-licentie","31":"product_tag-office-onenote","32":"product_tag-office-onenote-2021","33":"product_tag-office-outlook","34":"product_tag-office-outlook-2021","35":"product_tag-office-powerpoint","36":"product_tag-office-powerpoint-2021","37":"product_tag-office-pro-plus-2021-cd-key","38":"product_tag-office-professional-plus-2021","39":"product_tag-office-publisher","40":"product_tag-office-publisher-2021","41":"product_tag-office-word","42":"product_tag-office-word-2021","44":"first","45":"instock","46":"downloadable","47":"taxable","48":"shipping-taxable","49":"purchasable","50":"product-type-simple"},"_links":{"self":[{"href":"https:\/\/www.zwartbeeld.nl\/nwz\/wp-json\/wp\/v2\/product\/7162","targetHints":{"allow":["GET"]}}],"collection":[{"href":"https:\/\/www.zwartbeeld.nl\/nwz\/wp-json\/wp\/v2\/product"}],"about":[{"href":"https:\/\/www.zwartbeeld.nl\/nwz\/wp-json\/wp\/v2\/types\/product"}],"replies":[{"embeddable":true,"href":"https:\/\/www.zwartbeeld.nl\/nwz\/wp-json\/wp\/v2\/comments?post=7162"}],"version-history":[{"count":1,"href":"https:\/\/www.zwartbeeld.nl\/nwz\/wp-json\/wp\/v2\/product\/7162\/revisions"}],"predecessor-version":[{"id":7857,"href":"https:\/\/www.zwartbeeld.nl\/nwz\/wp-json\/wp\/v2\/product\/7162\/revisions\/7857"}],"wp:featuredmedia":[{"embeddable":true,"href":"https:\/\/www.zwartbeeld.nl\/nwz\/wp-json\/wp\/v2\/media\/7193"}],"wp:attachment":[{"href":"https:\/\/www.zwartbeeld.nl\/nwz\/wp-json\/wp\/v2\/media?parent=7162"}],"wp:term":[{"taxonomy":"product_brand","embeddable":true,"href":"https:\/\/www.zwartbeeld.nl\/nwz\/wp-json\/wp\/v2\/product_brand?post=7162"},{"taxonomy":"product_cat","embeddable":true,"href":"https:\/\/www.zwartbeeld.nl\/nwz\/wp-json\/wp\/v2\/product_cat?post=7162"},{"taxonomy":"product_tag","embeddable":true,"href":"https:\/\/www.zwartbeeld.nl\/nwz\/wp-json\/wp\/v2\/product_tag?post=7162"}],"curies":[{"name":"wp","href":"https:\/\/api.w.org\/{rel}","templated":true}]}}